{"id":298,"date":"2025-10-06T12:46:28","date_gmt":"2025-10-06T12:46:28","guid":{"rendered":"https:\/\/reddragonalmeria.com\/?page_id=298"},"modified":"2025-10-06T13:05:45","modified_gmt":"2025-10-06T13:05:45","slug":"politica-de-privacidad","status":"publish","type":"page","link":"https:\/\/reddragonalmeria.com\/en\/politica-de-privacidad\/","title":{"rendered":"Pol\u00edtica de privacidad"},"content":{"rendered":"<p>[et_pb_section fb_built=\u00bb1&#8243; custom_padding_last_edited=\u00bbon|phone\u00bb prev_background_color=\u00bb#ffffff\u00bb _builder_version=\u00bb4.27.4&#8243; background_color=\u00bb#CF202D\u00bb background_image=\u00bbhttps:\/\/reddragonalmeria.com\/wp-content\/uploads\/2025\/03\/fondodragon.jpg\u00bb background_size=\u00bbinitial\u00bb background_position=\u00bbcenter_right\u00bb background_blend=\u00bbmultiply\u00bb custom_padding=\u00bb125px||125px||true|false\u00bb custom_padding_tablet=\u00bb45px||45px||true|false\u00bb custom_padding_phone=\u00bb75px||75px||true|false\u00bb top_divider_style=\u00bbramp2&#8243; top_divider_flip=\u00bbvertical\u00bb bottom_divider_style=\u00bbramp2&#8243; bottom_divider_color=\u00bb#FFFFFF\u00bb bottom_divider_height=\u00bb66px\u00bb bottom_divider_flip=\u00bbvertical\u00bb background_last_edited=\u00bbon|desktop\u00bb background_enable_image_phone=\u00bboff\u00bb global_colors_info=\u00bb{}\u00bb theme_builder_area=\u00bbpost_content\u00bb][et_pb_row column_structure=\u00bb3_5,2_5&#8243; make_equal=\u00bbon\u00bb _builder_version=\u00bb4.27.4&#8243; width=\u00bb90%\u00bb max_width=\u00bb1270px\u00bb animation_style=\u00bbroll\u00bb animation_direction=\u00bbleft\u00bb animation_duration=\u00bb1500ms\u00bb global_colors_info=\u00bb{}\u00bb theme_builder_area=\u00bbpost_content\u00bb][et_pb_column type=\u00bb3_5&#8243; _builder_version=\u00bb4.27.4&#8243; custom_padding=\u00bb|||\u00bb custom_css_main_element=\u00bbmargin:auto\u00bb global_colors_info=\u00bb{}\u00bb custom_padding__hover=\u00bb|||\u00bb theme_builder_area=\u00bbpost_content\u00bb][et_pb_text _builder_version=\u00bb4.27.4&#8243; header_text_align=\u00bbleft\u00bb header_text_color=\u00bb#FFFFFF\u00bb header_font_size=\u00bb65px\u00bb header_line_height=\u00bb1.3em\u00bb custom_margin=\u00bb-23px||8px|||\u00bb hover_enabled=\u00bb0&#8243; header_font_size_tablet=\u00bb\u00bb header_font_size_phone=\u00bb35px\u00bb header_font_size_last_edited=\u00bbon|phone\u00bb header_text_shadow_style=\u00bbpreset3&#8243; global_colors_info=\u00bb{}\u00bb theme_builder_area=\u00bbpost_content\u00bb _dynamic_attributes=\u00bbcontent\u00bb sticky_enabled=\u00bb0&#8243; text_text_color=\u00bb#FFFFFF\u00bb text_font=\u00bb&#8211;et_global_heading_font|700|||||||\u00bb text_font_size=\u00bb65px\u00bb]@ET-DC@eyJkeW5hbWljIjp0cnVlLCJjb250ZW50IjoicG9zdF90aXRsZSIsInNldHRpbmdzIjp7ImJlZm9yZSI6IiIsImFmdGVyIjoiIn19@[\/et_pb_text][\/et_pb_column][et_pb_column type=\u00bb2_5&#8243; _builder_version=\u00bb4.27.4&#8243; custom_padding=\u00bb|||\u00bb global_colors_info=\u00bb{}\u00bb custom_padding__hover=\u00bb|||\u00bb theme_builder_area=\u00bbpost_content\u00bb][\/et_pb_column][\/et_pb_row][\/et_pb_section][et_pb_section fb_built=\u00bb1&#8243; module_id=\u00bbescolar\u00bb _builder_version=\u00bb4.27.4&#8243; background_enable_image=\u00bboff\u00bb background_size=\u00bbinitial\u00bb background_position=\u00bbcenter_right\u00bb background_blend=\u00bbhue\u00bb custom_padding=\u00bb40px|0px|40px|0px|true|false\u00bb global_colors_info=\u00bb{}\u00bb theme_builder_area=\u00bbpost_content\u00bb][et_pb_row make_equal=\u00bbon\u00bb module_id=\u00bbbabydragons\u00bb _builder_version=\u00bb4.27.4&#8243; background_enable_color=\u00bboff\u00bb width=\u00bb90%\u00bb max_width=\u00bb1270px\u00bb animation_style=\u00bbslide\u00bb animation_direction=\u00bbleft\u00bb animation_duration=\u00bb1300ms\u00bb animation_delay=\u00bb500ms\u00bb global_colors_info=\u00bb{}\u00bb theme_builder_area=\u00bbpost_content\u00bb][et_pb_column type=\u00bb4_4&#8243; _builder_version=\u00bb4.27.4&#8243; custom_padding=\u00bb|||\u00bb custom_css_main_element=\u00bbmargin:auto\t\u00bb global_colors_info=\u00bb{}\u00bb custom_padding__hover=\u00bb|||\u00bb theme_builder_area=\u00bbpost_content\u00bb][et_pb_text _builder_version=\u00bb4.27.4&#8243; _module_preset=\u00bbdefault\u00bb theme_builder_area=\u00bbpost_content\u00bb hover_enabled=\u00bb0&#8243; sticky_enabled=\u00bb0&#8243; text_orientation=\u00bbjustified\u00bb]<\/p>\n<p><span style=\"font-weight: 400;\">En cumplimiento del Reglamento General de Protecci\u00f3n de Datos (UE) 2016\/679, del Parlamento Europeo y del Consejo, de 27 de abril de 2016 y de la Ley Org\u00e1nica 3\/2018, de 5 de diciembre, de Protecci\u00f3n de Datos Personales y de Garant\u00eda de los Derechos Digitales, le informamos de que:\u00a0\u00a0<\/span><\/p>\n<p><span style=\"font-weight: 400;\">El titular del presente sitio web y responsable de los tratamientos de datos a trav\u00e9s de este realizados, as\u00ed como de aquellos tratamientos realizados a causa de su actividad profesional, es ____Kayleigh Ann Davies____________________________ (en adelante, el RESPONSABLE), con\u00a0 domicilio social sito en __Tejar, 29, 04007 Almer\u00eda_____________________________________,\u00a0 N.I.F.: Y3026388Q________ y correo electr\u00f3nico de protecci\u00f3n de datos:\u00a0 _____________info@reddragonalmeria.com______________________.\u00a0<\/span><\/p>\n<p><span style=\"font-weight: 400;\">Los datos de car\u00e1cter personal que se puedan recabar a trav\u00e9s de este sitio web o a trav\u00e9s de cualquier otra v\u00eda por el RESPONSABLE ser\u00e1n tratados de forma segura y confidencial, <\/span><span style=\"font-weight: 400;\">aplicando las medidas t\u00e9cnicas y organizativas necesarias para garantizar la protecci\u00f3n de estos contra el\u00a0 tratamiento no autorizado o il\u00edcito y contra su p\u00e9rdida, destrucci\u00f3n o da\u00f1o accidental.\u00a0\u00a0<\/span><\/p>\n<p><span style=\"font-weight: 400;\">Tales datos tratados <\/span><span style=\"font-weight: 400;\">quedar\u00e1n incorporados a la actividad de tratamiento de titularidad del RESPONSABLE que corresponda, entre las que se encuentran la gesti\u00f3n de los datos de car\u00e1cter personal obtenidos a trav\u00e9s de esta p\u00e1gina web y sus diferentes formularios, en los cuales la informaci\u00f3n requerida con obligatoriedad ser\u00e1 la m\u00ednima indispensable para el fin contractual o legal requerido, el manejo de los datos de car\u00e1cter personal de los clientes, de los trabajadores o de otras personas de inter\u00e9s. Los datos tratados podr\u00e1n incluir datos de car\u00e1cter identificativos, direcciones postales, direcciones electr\u00f3nicas y otras informaciones comerciales relativas a los servicios solicitados.\u00a0<\/span><\/p>\n<p><span style=\"font-weight: 400;\">La finalidad de tales actividades de tratamiento ser\u00e1, seg\u00fan proceda, la gesti\u00f3n de las comunicaciones o reservas solicitadas por los interesados, la gesti\u00f3n de la actividad del RESPONSABLE de tal forma que permita la adecuada prestaci\u00f3n de los servicios profesionales ofertados, el mantenimiento de la relaci\u00f3n con clientes y posibles clientes o el cumplimiento de las obligaciones legales que resulten aplicable seg\u00fan la actividad en cuesti\u00f3n.\u00a0\u00a0<\/span><\/p>\n<p><span style=\"font-weight: 400;\">Para ello, los datos de car\u00e1cter personal ser\u00e1n tratados, seg\u00fan corresponda atendiendo a\u00a0 las caracter\u00edsticas concretas del tratamiento de que se trate, en base a su consentimiento cuando\u00a0 este sea requerido, en cuyo caso se le solicitar\u00e1 de forma libre, espec\u00edfica, informada e inequ\u00edvoca,\u00a0 o bien en base a la ejecuci\u00f3n de un contrato en el que usted es parte o para la aplicaci\u00f3n a\u00a0 su petici\u00f3n de medidas precontractuales, en base al cumplimiento de una obligaci\u00f3n legal aplicable\u00a0 al RESPONSABLE o en base a la satisfacci\u00f3n de un inter\u00e9s leg\u00edtimo del RESPONSABLE\u00a0 concretado seg\u00fan proceda.\u00a0<\/span><\/p>\n<p><span style=\"font-weight: 400;\">Los datos personales objeto de tratamiento se conservar\u00e1n durante el tiempo estrictamente necesario para cumplir con la finalidad para la que fueron recabados y para determinar las posibles responsabilidades legales que se pudieran derivar de la finalidad, salvo cuando expresamente se prevea un plazo de conservaci\u00f3n especifico por la normativa aplicable.<\/span><\/p>\n<p><span style=\"font-weight: 400;\">No se comunicar\u00e1n los datos personales a terceros, salvo obligaci\u00f3n legal, pudiendo ser en tal caso los datos comunicables, entre otros, a las Autoridades laborales o tributarias.\u00a0<\/span><\/p>\n<p><span style=\"font-weight: 400;\">Tiene derecho de acceso, de rectificaci\u00f3n, de supresi\u00f3n, de limitaci\u00f3n del tratamiento de los datos personales, de oposici\u00f3n al tratamiento y de portabilidad de los datos, <\/span><span style=\"font-weight: 400;\">as\u00ed como, cuando resulte de aplicaci\u00f3n, a retirar su consentimiento en cualquier momento sin que ello afecte a la licitud del tratamiento basado en el consentimiento previo a su retirada y a presentar una reclamaci\u00f3n ante una autoridad de control, <\/span><span style=\"font-weight: 400;\">en los t\u00e9rminos previstos en el Reglamento General de Protecci\u00f3n de Datos y en la Ley Org\u00e1nica 3\/2018, de 5 de diciembre, de Protecci\u00f3n de Datos Personal y garant\u00eda de los derechos digitales. Puede solicitar el ejercicio de estos derechos, en la medida que proceda, dirigiendo un escrito al RESPONSABLE a trav\u00e9s de cualquiera los medios de contacto indicados o ante la Agencia Espa\u00f1ola de Protecci\u00f3n de Datos en www.aepd.es.<\/span><\/p>\n<p>[\/et_pb_text][\/et_pb_column][\/et_pb_row][\/et_pb_section]<\/p>","protected":false},"excerpt":{"rendered":"<p>En cumplimiento del Reglamento General de Protecci\u00f3n de Datos (UE) 2016\/679, del Parlamento Europeo y del Consejo, de 27 de abril de 2016 y de la Ley Org\u00e1nica 3\/2018, de 5 de diciembre, de Protecci\u00f3n de Datos Personales y de Garant\u00eda de los Derechos Digitales, le informamos de que:\u00a0\u00a0 El titular del presente sitio web [&hellip;]<\/p>","protected":false},"author":2,"featured_media":0,"parent":0,"menu_order":0,"comment_status":"closed","ping_status":"closed","template":"","meta":{"_et_pb_use_builder":"on","_et_pb_old_content":"","_et_gb_content_width":"","footnotes":""},"class_list":["post-298","page","type-page","status-publish","hentry"],"yoast_head":"<!-- This site is optimized with the Yoast SEO plugin v24.8.1 - https:\/\/yoast.com\/wordpress\/plugins\/seo\/ -->\n<title>Pol\u00edtica de privacidad - Red Dragon Almeria<\/title>\n<meta name=\"robots\" content=\"index, follow, max-snippet:-1, max-image-preview:large, max-video-preview:-1\" \/>\n<link rel=\"canonical\" href=\"https:\/\/reddragonalmeria.com\/en\/politica-de-privacidad\/\" \/>\n<meta property=\"og:locale\" content=\"en_GB\" \/>\n<meta property=\"og:type\" content=\"article\" \/>\n<meta property=\"og:title\" content=\"Pol\u00edtica de privacidad - Red Dragon Almeria\" \/>\n<meta property=\"og:url\" content=\"https:\/\/reddragonalmeria.com\/en\/politica-de-privacidad\/\" \/>\n<meta property=\"og:site_name\" content=\"Red Dragon Almeria\" \/>\n<meta property=\"article:publisher\" content=\"https:\/\/www.facebook.com\/reddragonenglishalmeria\/?locale=es_ES\" \/>\n<meta property=\"article:modified_time\" content=\"2025-10-06T13:05:45+00:00\" \/>\n<meta name=\"twitter:card\" content=\"summary_large_image\" \/>\n<meta name=\"twitter:description\" content=\"[dsm_tilt_image src=&quot;https:\/\/reddragonalmeria.com\/wp-content\/uploads\/2025\/03\/Dragon-3.png&quot; title_text=&quot;Dragon (3)&quot; dsm_tilt_perspective=&quot;975px&quot; dsm_tilt_scale=&quot;1.1&quot; dsm_tilt_max=&quot;17&quot; dsm_tilt_speed=&quot;102&quot; dsm_use_parallax=&quot;on&quot; dsm_tilt_parallax=&quot;63px&quot; align=&quot;center&quot; _builder_version=&quot;4.27.4&quot; _module_preset=&quot;default&quot; global_colors_info=&quot;{}&quot;][\/dsm_tilt_image][dipl_text_highlighter pre_highlighter_content=&quot;\u00bfEstas interesado en conocer&quot; highlighter_content=&quot;nuestros cursos?&quot; svg_color=&quot;#006848&quot; stroke_width=&quot;1.9&quot; _builder_version=&quot;4.27.4&quot; _module_preset=&quot;default&quot; pre_title_line_height=&quot;1.2em&quot; global_body_font=&quot;--et_global_heading_font|700|||||||&quot; global_body_text_color=&quot;#CF202D&quot; global_body_font_size=&quot;45px&quot; global_body_line_height=&quot;1em&quot; pre_body_line_height=&quot;1em&quot; main_body_line_height=&quot;1.5em&quot; custom_margin=&quot;||32px|||&quot; global_body_text_align_tablet=&quot;&quot; global_body_text_align_phone=&quot;center&quot; global_body_text_align_last_edited=&quot;on|phone&quot; global_body_font_size_tablet=&quot;45px&quot; global_body_font_size_phone=&quot;35px&quot; global_body_font_size_last_edited=&quot;on|phone&quot; global_colors_info=&quot;{}&quot;][\/dipl_text_highlighter]\" \/>\n<script type=\"application\/ld+json\" class=\"yoast-schema-graph\">{\"@context\":\"https:\/\/schema.org\",\"@graph\":[{\"@type\":\"WebPage\",\"@id\":\"https:\/\/reddragonalmeria.com\/politica-de-privacidad\/\",\"url\":\"https:\/\/reddragonalmeria.com\/politica-de-privacidad\/\",\"name\":\"Pol\u00edtica de privacidad - Red Dragon Almeria\",\"isPartOf\":{\"@id\":\"https:\/\/reddragonalmeria.com\/#website\"},\"datePublished\":\"2025-10-06T12:46:28+00:00\",\"dateModified\":\"2025-10-06T13:05:45+00:00\",\"breadcrumb\":{\"@id\":\"https:\/\/reddragonalmeria.com\/politica-de-privacidad\/#breadcrumb\"},\"inLanguage\":\"en-GB\",\"potentialAction\":[{\"@type\":\"ReadAction\",\"target\":[\"https:\/\/reddragonalmeria.com\/politica-de-privacidad\/\"]}]},{\"@type\":\"BreadcrumbList\",\"@id\":\"https:\/\/reddragonalmeria.com\/politica-de-privacidad\/#breadcrumb\",\"itemListElement\":[{\"@type\":\"ListItem\",\"position\":1,\"name\":\"Portada\",\"item\":\"https:\/\/reddragonalmeria.com\/\"},{\"@type\":\"ListItem\",\"position\":2,\"name\":\"Pol\u00edtica de privacidad\"}]},{\"@type\":\"WebSite\",\"@id\":\"https:\/\/reddragonalmeria.com\/#website\",\"url\":\"https:\/\/reddragonalmeria.com\/\",\"name\":\"Red Dragon Almeria\",\"description\":\"Academia de ingl&eacute;s en el Zapillo\",\"publisher\":{\"@id\":\"https:\/\/reddragonalmeria.com\/#organization\"},\"potentialAction\":[{\"@type\":\"SearchAction\",\"target\":{\"@type\":\"EntryPoint\",\"urlTemplate\":\"https:\/\/reddragonalmeria.com\/?s={search_term_string}\"},\"query-input\":{\"@type\":\"PropertyValueSpecification\",\"valueRequired\":true,\"valueName\":\"search_term_string\"}}],\"inLanguage\":\"en-GB\"},{\"@type\":\"Organization\",\"@id\":\"https:\/\/reddragonalmeria.com\/#organization\",\"name\":\"Red Dragon Almeria\",\"url\":\"https:\/\/reddragonalmeria.com\/\",\"logo\":{\"@type\":\"ImageObject\",\"inLanguage\":\"en-GB\",\"@id\":\"https:\/\/reddragonalmeria.com\/#\/schema\/logo\/image\/\",\"url\":\"https:\/\/reddragonalmeria.com\/wp-content\/uploads\/2025\/03\/logo-claim-rojo-1.png\",\"contentUrl\":\"https:\/\/reddragonalmeria.com\/wp-content\/uploads\/2025\/03\/logo-claim-rojo-1.png\",\"width\":470,\"height\":275,\"caption\":\"Red Dragon Almeria\"},\"image\":{\"@id\":\"https:\/\/reddragonalmeria.com\/#\/schema\/logo\/image\/\"},\"sameAs\":[\"https:\/\/www.facebook.com\/reddragonenglishalmeria\/?locale=es_ES\"]}]}<\/script>\n<!-- \/ Yoast SEO plugin. -->","yoast_head_json":{"title":"Pol\u00edtica de privacidad - Red Dragon Almeria","robots":{"index":"index","follow":"follow","max-snippet":"max-snippet:-1","max-image-preview":"max-image-preview:large","max-video-preview":"max-video-preview:-1"},"canonical":"https:\/\/reddragonalmeria.com\/en\/politica-de-privacidad\/","og_locale":"en_GB","og_type":"article","og_title":"Pol\u00edtica de privacidad - Red Dragon Almeria","og_url":"https:\/\/reddragonalmeria.com\/en\/politica-de-privacidad\/","og_site_name":"Red Dragon Almeria","article_publisher":"https:\/\/www.facebook.com\/reddragonenglishalmeria\/?locale=es_ES","article_modified_time":"2025-10-06T13:05:45+00:00","twitter_card":"summary_large_image","twitter_description":"[dsm_tilt_image src=\"https:\/\/reddragonalmeria.com\/wp-content\/uploads\/2025\/03\/Dragon-3.png\" title_text=\"Dragon (3)\" dsm_tilt_perspective=\"975px\" dsm_tilt_scale=\"1.1\" dsm_tilt_max=\"17\" dsm_tilt_speed=\"102\" dsm_use_parallax=\"on\" dsm_tilt_parallax=\"63px\" align=\"center\" _builder_version=\"4.27.4\" _module_preset=\"default\" global_colors_info=\"{}\"][\/dsm_tilt_image][dipl_text_highlighter pre_highlighter_content=\"\u00bfEstas interesado en conocer\" highlighter_content=\"nuestros cursos?\" svg_color=\"#006848\" stroke_width=\"1.9\" _builder_version=\"4.27.4\" _module_preset=\"default\" pre_title_line_height=\"1.2em\" global_body_font=\"--et_global_heading_font|700|||||||\" global_body_text_color=\"#CF202D\" global_body_font_size=\"45px\" global_body_line_height=\"1em\" pre_body_line_height=\"1em\" main_body_line_height=\"1.5em\" custom_margin=\"||32px|||\" global_body_text_align_tablet=\"\" global_body_text_align_phone=\"center\" global_body_text_align_last_edited=\"on|phone\" global_body_font_size_tablet=\"45px\" global_body_font_size_phone=\"35px\" global_body_font_size_last_edited=\"on|phone\" global_colors_info=\"{}\"][\/dipl_text_highlighter]","schema":{"@context":"https:\/\/schema.org","@graph":[{"@type":"WebPage","@id":"https:\/\/reddragonalmeria.com\/politica-de-privacidad\/","url":"https:\/\/reddragonalmeria.com\/politica-de-privacidad\/","name":"Pol\u00edtica de privacidad - Red Dragon Almeria","isPartOf":{"@id":"https:\/\/reddragonalmeria.com\/#website"},"datePublished":"2025-10-06T12:46:28+00:00","dateModified":"2025-10-06T13:05:45+00:00","breadcrumb":{"@id":"https:\/\/reddragonalmeria.com\/politica-de-privacidad\/#breadcrumb"},"inLanguage":"en-GB","potentialAction":[{"@type":"ReadAction","target":["https:\/\/reddragonalmeria.com\/politica-de-privacidad\/"]}]},{"@type":"BreadcrumbList","@id":"https:\/\/reddragonalmeria.com\/politica-de-privacidad\/#breadcrumb","itemListElement":[{"@type":"ListItem","position":1,"name":"Portada","item":"https:\/\/reddragonalmeria.com\/"},{"@type":"ListItem","position":2,"name":"Pol\u00edtica de privacidad"}]},{"@type":"WebSite","@id":"https:\/\/reddragonalmeria.com\/#website","url":"https:\/\/reddragonalmeria.com\/","name":"Red Dragon Almeria","description":"Academia de ingl&eacute;s en el Zapillo","publisher":{"@id":"https:\/\/reddragonalmeria.com\/#organization"},"potentialAction":[{"@type":"SearchAction","target":{"@type":"EntryPoint","urlTemplate":"https:\/\/reddragonalmeria.com\/?s={search_term_string}"},"query-input":{"@type":"PropertyValueSpecification","valueRequired":true,"valueName":"search_term_string"}}],"inLanguage":"en-GB"},{"@type":"Organization","@id":"https:\/\/reddragonalmeria.com\/#organization","name":"Red Dragon Almeria","url":"https:\/\/reddragonalmeria.com\/","logo":{"@type":"ImageObject","inLanguage":"en-GB","@id":"https:\/\/reddragonalmeria.com\/#\/schema\/logo\/image\/","url":"https:\/\/reddragonalmeria.com\/wp-content\/uploads\/2025\/03\/logo-claim-rojo-1.png","contentUrl":"https:\/\/reddragonalmeria.com\/wp-content\/uploads\/2025\/03\/logo-claim-rojo-1.png","width":470,"height":275,"caption":"Red Dragon Almeria"},"image":{"@id":"https:\/\/reddragonalmeria.com\/#\/schema\/logo\/image\/"},"sameAs":["https:\/\/www.facebook.com\/reddragonenglishalmeria\/?locale=es_ES"]}]}},"_links":{"self":[{"href":"https:\/\/reddragonalmeria.com\/en\/wp-json\/wp\/v2\/pages\/298","targetHints":{"allow":["GET"]}}],"collection":[{"href":"https:\/\/reddragonalmeria.com\/en\/wp-json\/wp\/v2\/pages"}],"about":[{"href":"https:\/\/reddragonalmeria.com\/en\/wp-json\/wp\/v2\/types\/page"}],"author":[{"embeddable":true,"href":"https:\/\/reddragonalmeria.com\/en\/wp-json\/wp\/v2\/users\/2"}],"replies":[{"embeddable":true,"href":"https:\/\/reddragonalmeria.com\/en\/wp-json\/wp\/v2\/comments?post=298"}],"version-history":[{"count":4,"href":"https:\/\/reddragonalmeria.com\/en\/wp-json\/wp\/v2\/pages\/298\/revisions"}],"predecessor-version":[{"id":302,"href":"https:\/\/reddragonalmeria.com\/en\/wp-json\/wp\/v2\/pages\/298\/revisions\/302"}],"wp:attachment":[{"href":"https:\/\/reddragonalmeria.com\/en\/wp-json\/wp\/v2\/media?parent=298"}],"curies":[{"name":"wp","href":"https:\/\/api.w.org\/{rel}","templated":true}]}}