{"id":154,"date":"2025-03-10T16:39:50","date_gmt":"2025-03-10T16:39:50","guid":{"rendered":"https:\/\/reddragonalmeria.com\/?page_id=154"},"modified":"2025-04-30T15:41:00","modified_gmt":"2025-04-30T15:41:00","slug":"contacto","status":"publish","type":"page","link":"https:\/\/reddragonalmeria.com\/en\/contacto\/","title":{"rendered":"Contacto"},"content":{"rendered":"<p>[et_pb_section fb_built=\u00bb1&#8243; custom_padding_last_edited=\u00bbon|phone\u00bb prev_background_color=\u00bb#ffffff\u00bb _builder_version=\u00bb4.27.4&#8243; background_color=\u00bb#CF202D\u00bb background_image=\u00bbhttps:\/\/reddragonalmeria.com\/wp-content\/uploads\/2025\/03\/fondodragon.jpg\u00bb background_size=\u00bbinitial\u00bb background_position=\u00bbcenter_right\u00bb background_blend=\u00bbmultiply\u00bb custom_padding=\u00bb95px||95px||true|false\u00bb custom_padding_tablet=\u00bb45px||45px||true|false\u00bb custom_padding_phone=\u00bb75px||75px||true|false\u00bb top_divider_style=\u00bbramp2&#8243; top_divider_flip=\u00bbvertical\u00bb bottom_divider_style=\u00bbramp2&#8243; bottom_divider_color=\u00bb#FFFFFF\u00bb bottom_divider_height=\u00bb66px\u00bb bottom_divider_flip=\u00bbvertical\u00bb background_last_edited=\u00bbon|desktop\u00bb background_enable_image_phone=\u00bboff\u00bb global_colors_info=\u00bb{}\u00bb][et_pb_row column_structure=\u00bb3_4,1_4&#8243; make_equal=\u00bbon\u00bb _builder_version=\u00bb4.27.4&#8243; width=\u00bb90%\u00bb max_width=\u00bb1270px\u00bb custom_padding=\u00bb||6px|||\u00bb animation_style=\u00bbroll\u00bb animation_direction=\u00bbleft\u00bb animation_duration=\u00bb1500ms\u00bb global_colors_info=\u00bb{}\u00bb][et_pb_column type=\u00bb3_4&#8243; _builder_version=\u00bb4.27.4&#8243; custom_padding=\u00bb|||\u00bb custom_css_main_element=\u00bbmargin:auto\u00bb global_colors_info=\u00bb{}\u00bb custom_padding__hover=\u00bb|||\u00bb][et_pb_text _builder_version=\u00bb4.27.4&#8243; text_font=\u00bbNunito||||||||\u00bb header_text_align=\u00bbleft\u00bb header_text_color=\u00bb#FFFFFF\u00bb header_font_size=\u00bb65px\u00bb header_line_height=\u00bb1.3em\u00bb custom_margin=\u00bb-23px||8px|||\u00bb header_font_size_tablet=\u00bb\u00bb header_font_size_phone=\u00bb35px\u00bb header_font_size_last_edited=\u00bbon|phone\u00bb header_text_shadow_style=\u00bbpreset3&#8243; global_colors_info=\u00bb{}\u00bb]<\/p>\n<h1>Matr\u00edcula 25\/26<\/h1>\n<p>[\/et_pb_text][\/et_pb_column][et_pb_column type=\u00bb1_4&#8243; _builder_version=\u00bb4.27.4&#8243; custom_padding=\u00bb|||\u00bb global_colors_info=\u00bb{}\u00bb custom_padding__hover=\u00bb|||\u00bb][\/et_pb_column][\/et_pb_row][\/et_pb_section][et_pb_section fb_built=\u00bb1&#8243; _builder_version=\u00bb4.27.4&#8243; _module_preset=\u00bbdefault\u00bb custom_padding=\u00bb7px||6px|||\u00bb global_colors_info=\u00bb{}\u00bb][et_pb_row _builder_version=\u00bb4.27.4&#8243; _module_preset=\u00bbdefault\u00bb width=\u00bb90%\u00bb max_width=\u00bb1270px\u00bb global_colors_info=\u00bb{}\u00bb][et_pb_column type=\u00bb4_4&#8243; _builder_version=\u00bb4.27.4&#8243; _module_preset=\u00bbdefault\u00bb global_colors_info=\u00bb{}\u00bb][et_pb_text _builder_version=\u00bb4.27.4&#8243; _module_preset=\u00bbdefault\u00bb text_text_color=\u00bb#FFFFFF\u00bb header_4_text_color=\u00bb#FFFFFF\u00bb background_color=\u00bb#006E52&#8243; custom_padding=\u00bb20px|20px|20px|20px|true|true\u00bb global_colors_info=\u00bb{}\u00bb]<\/p>\n<h4>IMPORTANTE LEER ANTES DE COMENZAR<\/h4>\n<p>Esto es una solicitud de matr\u00edcula, por lo que todav\u00eda NO queda garantizada la confirmaci\u00f3n de la misma, hasta respuesta por parte de la academia y la firma final del documento.<\/p>\n<p>[\/et_pb_text][et_pb_text _builder_version=\u00bb4.27.4&#8243; _module_preset=\u00bbdefault\u00bb locked=\u00bboff\u00bb global_colors_info=\u00bb{}\u00bb]<\/p>\n<div>PASO 1: Rellena todos los campos que requerimos a continuaci\u00f3n y env\u00edanos tu solicitud.<br \/>PASO 2: Una vez procesada, comprobaremos los datos y se te asignar\u00e1 un curso acorde a tu solicitud y nos pondremos en contacto contigo.<\/div>\n<div>PASO 3: Una vez asignado el grupo o curso por parte del centro, podr\u00e1s realizar el pago de la matr\u00edcula del curso en cuesti\u00f3n.<br \/>PASO 4: Una vez recibido el pago, tu matr\u00edcula estar\u00e1 realizada y ya formar\u00e1s parte del centro.<\/div>\n<p>[\/et_pb_text][\/et_pb_column][\/et_pb_row][\/et_pb_section][et_pb_section fb_built=\u00bb1&#8243; _builder_version=\u00bb4.27.4&#8243; _module_preset=\u00bbdefault\u00bb custom_padding=\u00bb0px|||||\u00bb global_colors_info=\u00bb{}\u00bb][et_pb_row _builder_version=\u00bb4.27.4&#8243; _module_preset=\u00bbdefault\u00bb width=\u00bb90%\u00bb max_width=\u00bb1270px\u00bb global_colors_info=\u00bb{}\u00bb][et_pb_column type=\u00bb4_4&#8243; _builder_version=\u00bb4.27.4&#8243; _module_preset=\u00bbdefault\u00bb global_colors_info=\u00bb{}\u00bb][wpforms_selector form_id=\u00bb161&#8243; _builder_version=\u00bb4.27.4&#8243; _module_preset=\u00bbdefault\u00bb global_colors_info=\u00bb{}\u00bb][\/wpforms_selector][\/et_pb_column][\/et_pb_row][\/et_pb_section]<\/p>","protected":false},"excerpt":{"rendered":"<p>Matr\u00edcula 25\/26IMPORTANTE LEER ANTES DE COMENZAR Esto es una solicitud de matr\u00edcula, por lo que todav\u00eda NO queda garantizada la confirmaci\u00f3n de la misma, hasta respuesta por parte de la academia y la firma final del documento.PASO 1: Rellena todos los campos que requerimos a continuaci\u00f3n y env\u00edanos tu solicitud.PASO 2: Una vez procesada, comprobaremos [&hellip;]<\/p>","protected":false},"author":2,"featured_media":0,"parent":0,"menu_order":0,"comment_status":"closed","ping_status":"closed","template":"","meta":{"_et_pb_use_builder":"on","_et_pb_old_content":"","_et_gb_content_width":"","footnotes":""},"class_list":["post-154","page","type-page","status-publish","hentry"],"yoast_head":"<!-- This site is optimized with the Yoast SEO plugin v24.8.1 - https:\/\/yoast.com\/wordpress\/plugins\/seo\/ -->\n<title>Contacto - Red Dragon Almeria<\/title>\n<meta name=\"robots\" content=\"index, follow, max-snippet:-1, max-image-preview:large, max-video-preview:-1\" \/>\n<link rel=\"canonical\" href=\"https:\/\/reddragonalmeria.com\/en\/contacto\/\" \/>\n<meta property=\"og:locale\" content=\"en_GB\" \/>\n<meta property=\"og:type\" content=\"article\" \/>\n<meta property=\"og:title\" content=\"Contacto - Red Dragon Almeria\" \/>\n<meta property=\"og:url\" content=\"https:\/\/reddragonalmeria.com\/en\/contacto\/\" \/>\n<meta property=\"og:site_name\" content=\"Red Dragon Almeria\" \/>\n<meta property=\"article:publisher\" content=\"https:\/\/www.facebook.com\/reddragonenglishalmeria\/?locale=es_ES\" \/>\n<meta property=\"article:modified_time\" content=\"2025-04-30T15:41:00+00:00\" \/>\n<meta name=\"twitter:card\" content=\"summary_large_image\" \/>\n<meta name=\"twitter:description\" content=\"[dsm_tilt_image src=&quot;https:\/\/reddragonalmeria.com\/wp-content\/uploads\/2025\/03\/Dragon-3.png&quot; title_text=&quot;Dragon (3)&quot; dsm_tilt_perspective=&quot;975px&quot; dsm_tilt_scale=&quot;1.1&quot; dsm_tilt_max=&quot;17&quot; dsm_tilt_speed=&quot;102&quot; dsm_use_parallax=&quot;on&quot; dsm_tilt_parallax=&quot;63px&quot; align=&quot;center&quot; _builder_version=&quot;4.27.4&quot; _module_preset=&quot;default&quot; global_colors_info=&quot;{}&quot;][\/dsm_tilt_image][dipl_text_highlighter pre_highlighter_content=&quot;\u00bfEstas interesado en conocer&quot; highlighter_content=&quot;nuestros cursos?&quot; svg_color=&quot;#006848&quot; stroke_width=&quot;1.9&quot; _builder_version=&quot;4.27.4&quot; _module_preset=&quot;default&quot; pre_title_line_height=&quot;1.2em&quot; global_body_font=&quot;--et_global_heading_font|700|||||||&quot; global_body_text_color=&quot;#CF202D&quot; global_body_font_size=&quot;45px&quot; global_body_line_height=&quot;1em&quot; pre_body_line_height=&quot;1em&quot; main_body_line_height=&quot;1.5em&quot; custom_margin=&quot;||32px|||&quot; global_body_text_align_tablet=&quot;&quot; global_body_text_align_phone=&quot;center&quot; global_body_text_align_last_edited=&quot;on|phone&quot; global_body_font_size_tablet=&quot;45px&quot; global_body_font_size_phone=&quot;35px&quot; global_body_font_size_last_edited=&quot;on|phone&quot; global_colors_info=&quot;{}&quot;][\/dipl_text_highlighter]\" \/>\n<meta name=\"twitter:label1\" content=\"Estimated reading time\" \/>\n\t<meta name=\"twitter:data1\" content=\"3 minutes\" \/>\n<script type=\"application\/ld+json\" class=\"yoast-schema-graph\">{\"@context\":\"https:\/\/schema.org\",\"@graph\":[{\"@type\":\"WebPage\",\"@id\":\"https:\/\/reddragonalmeria.com\/contacto\/\",\"url\":\"https:\/\/reddragonalmeria.com\/contacto\/\",\"name\":\"Contacto - Red Dragon Almeria\",\"isPartOf\":{\"@id\":\"https:\/\/reddragonalmeria.com\/#website\"},\"datePublished\":\"2025-03-10T16:39:50+00:00\",\"dateModified\":\"2025-04-30T15:41:00+00:00\",\"breadcrumb\":{\"@id\":\"https:\/\/reddragonalmeria.com\/contacto\/#breadcrumb\"},\"inLanguage\":\"en-GB\",\"potentialAction\":[{\"@type\":\"ReadAction\",\"target\":[\"https:\/\/reddragonalmeria.com\/contacto\/\"]}]},{\"@type\":\"BreadcrumbList\",\"@id\":\"https:\/\/reddragonalmeria.com\/contacto\/#breadcrumb\",\"itemListElement\":[{\"@type\":\"ListItem\",\"position\":1,\"name\":\"Portada\",\"item\":\"https:\/\/reddragonalmeria.com\/\"},{\"@type\":\"ListItem\",\"position\":2,\"name\":\"Contacto\"}]},{\"@type\":\"WebSite\",\"@id\":\"https:\/\/reddragonalmeria.com\/#website\",\"url\":\"https:\/\/reddragonalmeria.com\/\",\"name\":\"Red Dragon Almeria\",\"description\":\"Academia de ingl&eacute;s en el Zapillo\",\"publisher\":{\"@id\":\"https:\/\/reddragonalmeria.com\/#organization\"},\"potentialAction\":[{\"@type\":\"SearchAction\",\"target\":{\"@type\":\"EntryPoint\",\"urlTemplate\":\"https:\/\/reddragonalmeria.com\/?s={search_term_string}\"},\"query-input\":{\"@type\":\"PropertyValueSpecification\",\"valueRequired\":true,\"valueName\":\"search_term_string\"}}],\"inLanguage\":\"en-GB\"},{\"@type\":\"Organization\",\"@id\":\"https:\/\/reddragonalmeria.com\/#organization\",\"name\":\"Red Dragon Almeria\",\"url\":\"https:\/\/reddragonalmeria.com\/\",\"logo\":{\"@type\":\"ImageObject\",\"inLanguage\":\"en-GB\",\"@id\":\"https:\/\/reddragonalmeria.com\/#\/schema\/logo\/image\/\",\"url\":\"https:\/\/reddragonalmeria.com\/wp-content\/uploads\/2025\/03\/logo-claim-rojo-1.png\",\"contentUrl\":\"https:\/\/reddragonalmeria.com\/wp-content\/uploads\/2025\/03\/logo-claim-rojo-1.png\",\"width\":470,\"height\":275,\"caption\":\"Red Dragon Almeria\"},\"image\":{\"@id\":\"https:\/\/reddragonalmeria.com\/#\/schema\/logo\/image\/\"},\"sameAs\":[\"https:\/\/www.facebook.com\/reddragonenglishalmeria\/?locale=es_ES\"]}]}<\/script>\n<!-- \/ Yoast SEO plugin. -->","yoast_head_json":{"title":"Contacto - Red Dragon Almeria","robots":{"index":"index","follow":"follow","max-snippet":"max-snippet:-1","max-image-preview":"max-image-preview:large","max-video-preview":"max-video-preview:-1"},"canonical":"https:\/\/reddragonalmeria.com\/en\/contacto\/","og_locale":"en_GB","og_type":"article","og_title":"Contacto - Red Dragon Almeria","og_url":"https:\/\/reddragonalmeria.com\/en\/contacto\/","og_site_name":"Red Dragon Almeria","article_publisher":"https:\/\/www.facebook.com\/reddragonenglishalmeria\/?locale=es_ES","article_modified_time":"2025-04-30T15:41:00+00:00","twitter_card":"summary_large_image","twitter_description":"[dsm_tilt_image src=\"https:\/\/reddragonalmeria.com\/wp-content\/uploads\/2025\/03\/Dragon-3.png\" title_text=\"Dragon (3)\" dsm_tilt_perspective=\"975px\" dsm_tilt_scale=\"1.1\" dsm_tilt_max=\"17\" dsm_tilt_speed=\"102\" dsm_use_parallax=\"on\" dsm_tilt_parallax=\"63px\" align=\"center\" _builder_version=\"4.27.4\" _module_preset=\"default\" global_colors_info=\"{}\"][\/dsm_tilt_image][dipl_text_highlighter pre_highlighter_content=\"\u00bfEstas interesado en conocer\" highlighter_content=\"nuestros cursos?\" svg_color=\"#006848\" stroke_width=\"1.9\" _builder_version=\"4.27.4\" _module_preset=\"default\" pre_title_line_height=\"1.2em\" global_body_font=\"--et_global_heading_font|700|||||||\" global_body_text_color=\"#CF202D\" global_body_font_size=\"45px\" global_body_line_height=\"1em\" pre_body_line_height=\"1em\" main_body_line_height=\"1.5em\" custom_margin=\"||32px|||\" global_body_text_align_tablet=\"\" global_body_text_align_phone=\"center\" global_body_text_align_last_edited=\"on|phone\" global_body_font_size_tablet=\"45px\" global_body_font_size_phone=\"35px\" global_body_font_size_last_edited=\"on|phone\" global_colors_info=\"{}\"][\/dipl_text_highlighter]","twitter_misc":{"Estimated reading time":"3 minutes"},"schema":{"@context":"https:\/\/schema.org","@graph":[{"@type":"WebPage","@id":"https:\/\/reddragonalmeria.com\/contacto\/","url":"https:\/\/reddragonalmeria.com\/contacto\/","name":"Contacto - Red Dragon Almeria","isPartOf":{"@id":"https:\/\/reddragonalmeria.com\/#website"},"datePublished":"2025-03-10T16:39:50+00:00","dateModified":"2025-04-30T15:41:00+00:00","breadcrumb":{"@id":"https:\/\/reddragonalmeria.com\/contacto\/#breadcrumb"},"inLanguage":"en-GB","potentialAction":[{"@type":"ReadAction","target":["https:\/\/reddragonalmeria.com\/contacto\/"]}]},{"@type":"BreadcrumbList","@id":"https:\/\/reddragonalmeria.com\/contacto\/#breadcrumb","itemListElement":[{"@type":"ListItem","position":1,"name":"Portada","item":"https:\/\/reddragonalmeria.com\/"},{"@type":"ListItem","position":2,"name":"Contacto"}]},{"@type":"WebSite","@id":"https:\/\/reddragonalmeria.com\/#website","url":"https:\/\/reddragonalmeria.com\/","name":"Red Dragon Almeria","description":"Academia de ingl&eacute;s en el Zapillo","publisher":{"@id":"https:\/\/reddragonalmeria.com\/#organization"},"potentialAction":[{"@type":"SearchAction","target":{"@type":"EntryPoint","urlTemplate":"https:\/\/reddragonalmeria.com\/?s={search_term_string}"},"query-input":{"@type":"PropertyValueSpecification","valueRequired":true,"valueName":"search_term_string"}}],"inLanguage":"en-GB"},{"@type":"Organization","@id":"https:\/\/reddragonalmeria.com\/#organization","name":"Red Dragon Almeria","url":"https:\/\/reddragonalmeria.com\/","logo":{"@type":"ImageObject","inLanguage":"en-GB","@id":"https:\/\/reddragonalmeria.com\/#\/schema\/logo\/image\/","url":"https:\/\/reddragonalmeria.com\/wp-content\/uploads\/2025\/03\/logo-claim-rojo-1.png","contentUrl":"https:\/\/reddragonalmeria.com\/wp-content\/uploads\/2025\/03\/logo-claim-rojo-1.png","width":470,"height":275,"caption":"Red Dragon Almeria"},"image":{"@id":"https:\/\/reddragonalmeria.com\/#\/schema\/logo\/image\/"},"sameAs":["https:\/\/www.facebook.com\/reddragonenglishalmeria\/?locale=es_ES"]}]}},"_links":{"self":[{"href":"https:\/\/reddragonalmeria.com\/en\/wp-json\/wp\/v2\/pages\/154","targetHints":{"allow":["GET"]}}],"collection":[{"href":"https:\/\/reddragonalmeria.com\/en\/wp-json\/wp\/v2\/pages"}],"about":[{"href":"https:\/\/reddragonalmeria.com\/en\/wp-json\/wp\/v2\/types\/page"}],"author":[{"embeddable":true,"href":"https:\/\/reddragonalmeria.com\/en\/wp-json\/wp\/v2\/users\/2"}],"replies":[{"embeddable":true,"href":"https:\/\/reddragonalmeria.com\/en\/wp-json\/wp\/v2\/comments?post=154"}],"version-history":[{"count":13,"href":"https:\/\/reddragonalmeria.com\/en\/wp-json\/wp\/v2\/pages\/154\/revisions"}],"predecessor-version":[{"id":273,"href":"https:\/\/reddragonalmeria.com\/en\/wp-json\/wp\/v2\/pages\/154\/revisions\/273"}],"wp:attachment":[{"href":"https:\/\/reddragonalmeria.com\/en\/wp-json\/wp\/v2\/media?parent=154"}],"curies":[{"name":"wp","href":"https:\/\/api.w.org\/{rel}","templated":true}]}}